{"id":4,"date":"2012-03-18T16:51:06","date_gmt":"2012-03-18T16:51:06","guid":{"rendered":"http:\/\/suerken.net\/?page_id=4"},"modified":"2013-10-06T20:20:55","modified_gmt":"2013-10-06T19:20:55","slug":"intern","status":"publish","type":"page","link":"https:\/\/suerken.net\/?page_id=4","title":{"rendered":"Familie"},"content":{"rendered":"<p><strong>Die Namen<\/strong><\/p>\n<p>Wir werden oft gefragt, was denn die Namen unserer T\u00f6chter bedeuten und welche Geschichten sie haben. Deshalb hier die Hintergrundinformationen zu den Namen und den eigentlichen Namensgeberinnen:<\/p>\n<p><strong>Johanna<\/strong><\/p>\n<p>Stammt aus dem hebr\u00e4ischen und bedeutet: Gott ist gn\u00e4dig.<br \/>\nJohanna kann mit Recht als eine J\u00fcngerin Jesu bezeichnet werden. Sie war eine der Frauen am leeren Grab des auferstandenen Jesus. Johanna und Maria Magdalena geh\u00f6rten lt. Bibel zu den Frauen, an denen Jesus Wunderheilungen vollbrachte. Im Mittelalter wurde Johanna ein beliebter Name in Adelskreisen. Bekannteste Namenstr\u00e4gerin war <a title=\"Johanna von Orleans\" href=\"http:\/\/de.wikipedia.org\/wiki\/Johanna_von_Orl%C3%A9ans\" target=\"_blank\">Johanna von Orleans<\/a> (Jeanne d\u00b4Arc), die als Retterin Frankreichs gilt.<\/p>\n<p><strong>H\u00e9lo\u00efse<\/strong><\/p>\n<p>ist die franz\u00f6sische Form aus dem germanischen Namen Helewidis, welcher sich aus &#8222;heil&#8220;= gesund, unversehrt \u00a0und &#8222;wit&#8220;= weit, gro\u00df zusammensetzt. Die Namensgeberin <a title=\"H\u00e9loise\" href=\"http:\/\/de.wikipedia.org\/wiki\/Heloisa\" target=\"_blank\">H\u00e9lo\u00efse<\/a> war eine beeindruckende Philosophin des fr\u00fchen Mittelalters.<\/p>\n<p>Paticia Highsmith nannte die Frau Ihrer au\u00dfergew\u00f6hnlichen Romafigur Tom Ripley ebenfalls H\u00e9lo\u00efse.<\/p>\n<p><strong>Pauline<\/strong><\/p>\n<p>Der Name <em>Pauline<\/em> stammt urspr\u00fcnglich aus dem <a title=\"Latein\" href=\"http:\/\/de.wikipedia.org\/wiki\/Latein\">lateinischen<\/a> Paulina und bedeutet \u201edie Kleine\u201c oder auch \u201edie J\u00fcngere\u201c. Da aber auch niemand bei Paulus an &#8222;den Kleinen&#8220; denkt, ist es eher als eine Einordnung in der Reihenfolge zu verstehen. Weil <em>Pauline<\/em> auch \u201elieblich\u201c bedeutet, liegen wir doppelt also richtig. Als ber\u00fchmte Namenstr\u00e4gerin &#8211; da sind wir immer noch Lipper- sehen wir <a title=\"Pauline ur Lippe\" href=\"http:\/\/de.wikipedia.org\/wiki\/Pauline_%28Lippe%29\">Pauline Christine Wilhelmine zur Lippe<\/a> die als F\u00fcrstin in den 18 Jahren ihrer alleinigen Regentschaft wichtige Entscheidungen traf. So u.a. die Abschaffung der Leibeigenschaft 1809 in Lippe, die geregelte Versorgung von Waisen oder auch die Gr\u00fcndung von Erwerbsschulen.<\/p>\n<p>&nbsp;<\/p>\n<p><strong>Xaelle<\/strong><\/p>\n<p>ist ein franz\u00f6schischer Vorname aus der Bretagne keltischen Ursprungs. Was er genau bedeutet ist nicht \u00fcberliefert. Er ist mit Sicherheit so besonders wie seine Tr\u00e4gerin.<\/p>\n","protected":false},"excerpt":{"rendered":"<p>Die Namen Wir werden oft gefragt, was denn die Namen unserer T\u00f6chter bedeuten und welche Geschichten sie haben. Deshalb hier die Hintergrundinformationen zu den Namen und den eigentlichen Namensgeberinnen: Johanna Stammt aus dem hebr\u00e4ischen und bedeutet: Gott ist gn\u00e4dig. Johanna &hellip; <a href=\"https:\/\/suerken.net\/?page_id=4\">Weiterlesen <span class=\"meta-nav\">&rarr;<\/span><\/a><\/p>\n","protected":false},"author":1,"featured_media":0,"parent":0,"menu_order":0,"comment_status":"open","ping_status":"open","template":"sidebar-page.php","meta":{"ngg_post_thumbnail":0,"footnotes":""},"class_list":["post-4","page","type-page","status-publish","hentry"],"_links":{"self":[{"href":"https:\/\/suerken.net\/index.php?rest_route=\/wp\/v2\/pages\/4","targetHints":{"allow":["GET"]}}],"collection":[{"href":"https:\/\/suerken.net\/index.php?rest_route=\/wp\/v2\/pages"}],"about":[{"href":"https:\/\/suerken.net\/index.php?rest_route=\/wp\/v2\/types\/page"}],"author":[{"embeddable":true,"href":"https:\/\/suerken.net\/index.php?rest_route=\/wp\/v2\/users\/1"}],"replies":[{"embeddable":true,"href":"https:\/\/suerken.net\/index.php?rest_route=%2Fwp%2Fv2%2Fcomments&post=4"}],"version-history":[{"count":6,"href":"https:\/\/suerken.net\/index.php?rest_route=\/wp\/v2\/pages\/4\/revisions"}],"predecessor-version":[{"id":116,"href":"https:\/\/suerken.net\/index.php?rest_route=\/wp\/v2\/pages\/4\/revisions\/116"}],"wp:attachment":[{"href":"https:\/\/suerken.net\/index.php?rest_route=%2Fwp%2Fv2%2Fmedia&parent=4"}],"curies":[{"name":"wp","href":"https:\/\/api.w.org\/{rel}","templated":true}]}}